{"id":671,"date":"2023-12-11T14:29:17","date_gmt":"2023-12-11T13:29:17","guid":{"rendered":"https:\/\/krawattenlos.de\/members\/faqs\/"},"modified":"2023-12-11T15:31:11","modified_gmt":"2023-12-11T14:31:11","slug":"faqs","status":"publish","type":"page","link":"https:\/\/krawattenlos.de\/members\/support\/faqs\/","title":{"rendered":"FAQs"},"content":{"rendered":"<div class=\"fusion-fullwidth fullwidth-box fusion-builder-row-1 fusion-flex-container has-pattern-background has-mask-background nonhundred-percent-fullwidth non-hundred-percent-height-scrolling\" style=\"--awb-border-radius-top-left:0px;--awb-border-radius-top-right:0px;--awb-border-radius-bottom-right:0px;--awb-border-radius-bottom-left:0px;--awb-flex-wrap:wrap;\" ><div class=\"fusion-builder-row fusion-row fusion-flex-align-items-flex-start fusion-flex-content-wrap\" style=\"max-width:1248px;margin-left: calc(-4% \/ 2 );margin-right: calc(-4% \/ 2 );\"><div class=\"fusion-layout-column fusion_builder_column fusion-builder-column-0 fusion_builder_column_1_1 1_1 fusion-flex-column\" style=\"--awb-bg-size:cover;--awb-width-large:100%;--awb-margin-top-large:0px;--awb-spacing-right-large:1.92%;--awb-margin-bottom-large:20px;--awb-spacing-left-large:1.92%;--awb-width-medium:100%;--awb-order-medium:0;--awb-spacing-right-medium:1.92%;--awb-spacing-left-medium:1.92%;--awb-width-small:100%;--awb-order-small:0;--awb-spacing-right-small:1.92%;--awb-spacing-left-small:1.92%;\"><div class=\"fusion-column-wrapper fusion-column-has-shadow fusion-flex-justify-content-flex-start fusion-content-layout-column\"><div id='ewd-ufaq-jquery-ajax-search'>\n\n\t<label class='ewd-ufaq-field-label' for='ewd-ufaq-text-search'>\n\t\tWas suchst Du:\n\t<\/label>\n\n\t\n\t<div class=\"search-field\">\n\t\t<input\n\t\t\tid='ewd-ufaq-text-search'\n\t\t\ttype='search'\n\t\t\tclass='ewd-ufaq-text-input ewd-ufaq-text-auto-complete'\n\t\t\tplaceholder='Gib ein Schlagwort ein...'\n\t\t\tvalue='' \/>\n\t\t<button type=\"button\" class=\"clear-field\" data-state=\"hidden\">x<\/button>\n\t<\/div>\n\n\t\n<\/div><div  class=\"ewd-ufaq-faq-list ewd-ufaq-page-type-distinct ewd-ufaq-category-tabs- ewd-ufaq-search\" id='ewd-ufaq-faq-list'>\n\n\t<input type='hidden' name='show_on_load' value='Yes' id='ewd-ufaq-show-on-load' \/>\n<input type='hidden' name='include_category' value='' id='ewd-ufaq-include-category' \/>\n<input type='hidden' name='exclude_category' value='' id='ewd-ufaq-exclude-category' \/>\n<input type='hidden' name='orderby' value='name' id='ewd-ufaq-orderby' \/>\n<input type='hidden' name='order' value='ASC' id='ewd-ufaq-order' \/>\n<input type='hidden' name='post_count' value='-1' id='ewd-ufaq-post-count' \/>\n<input type='hidden' name='current_url' value='\/members\/wp-json\/wp\/v2\/pages\/671' id='ewd-ufaq-current-url' \/>\n\t\n\t\n\t<div class='ewd-ufaq-faqs'>\n\n\t\t<div id='ewd-ufaq-faq-category-abonnement' class='ewd-ufaq-faq-category'>\n\t\n\t<div class='ewd-ufaq-faq-category-title '  >\n\t\t\n\t\t<h3 title=\"Click here to open Abonnement\">\n\t\t\tAbonnement\t\t\t\t\t<\/h3>\n\n\t\t\t\n\t<\/div>\n\t\n\t<div class='ewd-ufaq-faq-category-inner ' >\n<div  class=\"ewd-ufaq-faq-div ewd-ufaq-faq-column-count-one ewd-ufaq-faq-responsive-columns- ewd-ufaq-faq-display-style-default ewd-ufaq-can-be-toggled\" id='ewd-ufaq-post-676-FAVOU0Xstx' data-post_id='676'>\n\n\t\t\n\t<div class='ewd-ufaq-faq-title ewd-ufaq-faq-toggle'>\n\t\n\t<a class='ewd-ufaq-post-margin'  href='#' role=\"button\">\n\n\t\t<div class='ewd-ufaq-post-margin-symbol ewd-ufaq-'>\n\t\t\t<span >a<\/span>\n\t\t<\/div>\n\n\t\t<div class='ewd-ufaq-faq-title-text'>\n\n\t\t\t<h4>\n\t\t\t\tAbo k\u00fcndigen\t\t\t<\/h4>\n\n\t\t<\/div>\n\n\t\t<div class='ewd-ufaq-clear'><\/div>\n\n\t<\/a>\n\t\n<\/div>\n\t\n\t<div class='ewd-ufaq-faq-body ewd-ufaq-hidden' >\n\n\t\t\n\t\t\t<div class='ewd-ufaq-faq-categories'>\n\t\n\tKategorie:\n\t\n\t\t<a href=\"https:\/\/krawattenlos.de\/members\/ufaq\/windows-sicherheitseinstellungen\/faq-category\/abonnement\/\">Abonnement<\/a>\n\t\n<\/div>\n\t\t\n\t\t\t<div class='ewd-ufaq-post-margin ewd-ufaq-faq-post'>\n\t\n<p>M\u00f6chtest Du Dein Abo k\u00fcndigen, dann gen\u00fcgt eine E-Mail an unseren Zahlungsdienstleister\u00a0<a href=\"mailto:support@digistore24.com\">Digistore24 GmbH<\/a>\u00a0oder Du k\u00fcndigst \u00fcber den <a href=\"https:\/\/krawattenlos.de\/members\/member-konto\/\">Men\u00fcpunkt Support &#8211;&gt; Member Konto &#8211;&gt; Abo k\u00fcndigen<\/a>.<\/p>\n\n\n\n<p>Dort wirst Du weitergeleitet zu Digistore24 GmbH und muss dort nur noch &#8222;Zahlungen stoppen und Zugang sp\u00e4ter verlieren&#8220; klicken.<\/p>\n<\/div>\n\t\t\n\t\t\t\n\t\t\n\t\t\t\n\t\t\n\t\t\t<div class='ewd-ufaq-faq-tags'>\n\t\n\tTags:\t\n\t\n\t\t<a href=\"https:\/\/krawattenlos.de\/members\/ufaq\/windows-sicherheitseinstellungen\/faq-tag\/abo-kuendigen\/\">Abo k\u00fcndigen<\/a>, \n\t\n\t\t<a href=\"https:\/\/krawattenlos.de\/members\/ufaq\/windows-sicherheitseinstellungen\/faq-tag\/kuendigen\/\">K\u00fcndigen<\/a>\n\t\n<\/div>\n\t\t\n\t\t\t\n\t\t\n\t\t\t\n\t\t\n\t\t\t<div class='ewd-ufaq-permalink'>\n\t\n\t<a href='https:\/\/krawattenlos.de\/members\/ufaq\/abo-kuendigen\/'>\n\t\t\n\t\t\t\t <div class='ewd-ufaq-permalink-image'><\/div> \t\n\t<\/a>\n\n<\/div>\n\t\t\n\t\t\t\n\t\t\n\t\t\t\n\t\t\n\t<\/div>\n\n<\/div><\/div>\n\n<\/div>\n<div id='ewd-ufaq-faq-category-allgemein' class='ewd-ufaq-faq-category'>\n\t\n\t<div class='ewd-ufaq-faq-category-title '  >\n\t\t\n\t\t<h3 title=\"Click here to open Allgemein\">\n\t\t\tAllgemein\t\t\t\t\t<\/h3>\n\n\t\t\t\n\t<\/div>\n\t\n\t<div class='ewd-ufaq-faq-category-inner ' >\n<div  class=\"ewd-ufaq-faq-div ewd-ufaq-faq-column-count-one ewd-ufaq-faq-responsive-columns- ewd-ufaq-faq-display-style-default ewd-ufaq-can-be-toggled\" id='ewd-ufaq-post-675-aLJDctI48Z' data-post_id='675'>\n\n\t\t\n\t<div class='ewd-ufaq-faq-title ewd-ufaq-faq-toggle'>\n\t\n\t<a class='ewd-ufaq-post-margin'  href='#' role=\"button\">\n\n\t\t<div class='ewd-ufaq-post-margin-symbol ewd-ufaq-'>\n\t\t\t<span >a<\/span>\n\t\t<\/div>\n\n\t\t<div class='ewd-ufaq-faq-title-text'>\n\n\t\t\t<h4>\n\t\t\t\tMindestanforderungen System\t\t\t<\/h4>\n\n\t\t<\/div>\n\n\t\t<div class='ewd-ufaq-clear'><\/div>\n\n\t<\/a>\n\t\n<\/div>\n\t\n\t<div class='ewd-ufaq-faq-body ewd-ufaq-hidden' >\n\n\t\t\n\t\t\t<div class='ewd-ufaq-faq-categories'>\n\t\n\tKategorie:\n\t\n\t\t<a href=\"https:\/\/krawattenlos.de\/members\/ufaq\/windows-sicherheitseinstellungen\/faq-category\/allgemein\/\">Allgemein<\/a>\n\t\n<\/div>\n\t\t\n\t\t\t<div class='ewd-ufaq-post-margin ewd-ufaq-faq-post'>\n\t\n<p>Unsere Tools sind aufgrund der komplexen Berechnungen und dem automatisierten Datenabgleich mit unserem Webserver\u00a0<strong>nur<\/strong>\u00a0kompatibel mit Microsoft Excel \u00ae 2021 und aufw\u00e4rts unter\u00a0<strong>Microsoft Windows<\/strong>\u00a0\u00ae. (Nicht mit Excel f\u00fcr MAC, OpenOffice, LibreOffice, \u2026 kompatibel)!<\/p>\n<\/div>\n\t\t\n\t\t\t\n\t\t\n\t\t\t\n\t\t\n\t\t\t<div class='ewd-ufaq-faq-tags'>\n\t\n\tSchlagwort:\t\n\t\n\t\t<a href=\"https:\/\/krawattenlos.de\/members\/ufaq\/windows-sicherheitseinstellungen\/faq-tag\/mindestanforderung\/\">Mindestanforderung<\/a>\n\t\n<\/div>\n\t\t\n\t\t\t\n\t\t\n\t\t\t\n\t\t\n\t\t\t<div class='ewd-ufaq-permalink'>\n\t\n\t<a href='https:\/\/krawattenlos.de\/members\/ufaq\/mindestanforderungen-system\/'>\n\t\t\n\t\t\t\t <div class='ewd-ufaq-permalink-image'><\/div> \t\n\t<\/a>\n\n<\/div>\n\t\t\n\t\t\t\n\t\t\n\t\t\t\n\t\t\n\t<\/div>\n\n<\/div><\/div>\n\n<\/div>\n<div id='ewd-ufaq-faq-category-erstinstallation' class='ewd-ufaq-faq-category'>\n\t\n\t<div class='ewd-ufaq-faq-category-title '  >\n\t\t\n\t\t<h3 title=\"Click here to open Erstinstallation\">\n\t\t\tErstinstallation\t\t\t\t\t<\/h3>\n\n\t\t\t\n\t<\/div>\n\t\n\t<div class='ewd-ufaq-faq-category-inner ' >\n<div  class=\"ewd-ufaq-faq-div ewd-ufaq-faq-column-count-one ewd-ufaq-faq-responsive-columns- ewd-ufaq-faq-display-style-default ewd-ufaq-can-be-toggled\" id='ewd-ufaq-post-674-X7Qr73l27G' data-post_id='674'>\n\n\t\t\n\t<div class='ewd-ufaq-faq-title ewd-ufaq-faq-toggle'>\n\t\n\t<a class='ewd-ufaq-post-margin'  href='#' role=\"button\">\n\n\t\t<div class='ewd-ufaq-post-margin-symbol ewd-ufaq-'>\n\t\t\t<span >a<\/span>\n\t\t<\/div>\n\n\t\t<div class='ewd-ufaq-faq-title-text'>\n\n\t\t\t<h4>\n\t\t\t\tExcel Sicherheitseinstellungen\t\t\t<\/h4>\n\n\t\t<\/div>\n\n\t\t<div class='ewd-ufaq-clear'><\/div>\n\n\t<\/a>\n\t\n<\/div>\n\t\n\t<div class='ewd-ufaq-faq-body ewd-ufaq-hidden' >\n\n\t\t\n\t\t\t<div class='ewd-ufaq-faq-categories'>\n\t\n\tKategorie:\n\t\n\t\t<a href=\"https:\/\/krawattenlos.de\/members\/ufaq\/windows-sicherheitseinstellungen\/faq-category\/erstinstallation\/\">Erstinstallation<\/a>\n\t\n<\/div>\n\t\t\n\t\t\t<div class='ewd-ufaq-post-margin ewd-ufaq-faq-post'>\n\t\n<p>Solltest Du die Fehlermeldung \u201cBitte trage eine g\u00fcltige E-Mail-Adresse ein\u201d beim Kennzahlen Update erhalten, und Du sicher bist, dass Deine E-Mail-Adresse korrekt eingetragen ist, kann es auch an den Sicherheitseinstellungen im Excel liegen.<\/p>\n\n\n\n<p>Beim ersten Start der Tool-Box bekommt man diese Meldung. Die Meldung ist daf\u00fcr da, dass die E-Mail-Adresse Dir an unseren Server geschickt werden darf, um zu pr\u00fcfen, ob Du ein g\u00fcltiges Abo hast.<\/p>\n\n\n\n<p>Es ist lediglich der Haken in der roten markierten Box zu setzen.<\/p>\n\n\n\n<figure class=\"wp-block-image size-full\"><img decoding=\"async\" width=\"640\" height=\"321\" src=\"https:\/\/krawattenlos.de\/members\/wp-content\/uploads\/2023\/03\/Sicherheitsstufen_Excel.png\" data-orig-src=\"https:\/\/krawattenlos.de\/members\/wp-content\/uploads\/2023\/03\/Sicherheitsstufen_Excel.png\" alt=\"\" class=\"lazyload wp-image-369\" data-srcset=\"https:\/\/krawattenlos.de\/members\/wp-content\/uploads\/2023\/03\/Sicherheitsstufen_Excel-200x100.png 200w, https:\/\/krawattenlos.de\/members\/wp-content\/uploads\/2023\/03\/Sicherheitsstufen_Excel-300x150.png 300w, https:\/\/krawattenlos.de\/members\/wp-content\/uploads\/2023\/03\/Sicherheitsstufen_Excel-400x201.png 400w, https:\/\/krawattenlos.de\/members\/wp-content\/uploads\/2023\/03\/Sicherheitsstufen_Excel-600x301.png 600w, https:\/\/krawattenlos.de\/members\/wp-content\/uploads\/2023\/03\/Sicherheitsstufen_Excel.png 640w\" data-sizes=\"auto\" data-orig-sizes=\"(max-width: 640px) 100vw, 640px\" srcset=\"https:\/\/krawattenlos.de\/members\/wp-content\/uploads\/2023\/03\/Sicherheitsstufen_Excel-200x100.png 200w, https:\/\/krawattenlos.de\/members\/wp-content\/uploads\/2023\/03\/Sicherheitsstufen_Excel-300x150.png 300w, https:\/\/krawattenlos.de\/members\/wp-content\/uploads\/2023\/03\/Sicherheitsstufen_Excel-400x201.png 400w, https:\/\/krawattenlos.de\/members\/wp-content\/uploads\/2023\/03\/Sicherheitsstufen_Excel-600x301.png 600w, https:\/\/krawattenlos.de\/members\/wp-content\/uploads\/2023\/03\/Sicherheitsstufen_Excel.png 640w\" sizes=\"(max-width: 640px) 100vw, 640px\" \/><\/figure>\n\n\n\n<p>Solltest Du beim Start etwas anderes angeklickt haben und musst dies nun nachtr\u00e4glich \u00e4ndern, dann kannst Du Dir dieses Video ansehen.<\/p>\n\n\n<figure class=\"wp-block-embed-youtube wp-block-embed is-type-video is-provider-youtube wp-embed-aspect-16-9 wp-has-aspect-ratio\"><div class=\"lyte-wrapper\" title=\"Sicherheitseinstellungen - Dividendenstrategie Pro + Tool-Box\" style=\"width:1280px;max-width:100%;margin:5px auto\"><div class=\"lyMe hidef\" id=\"WYL_sXqzG63gvG4\"><div><\/div><div id=\"lyte_sXqzG63gvG4\" data-src=\"https:\/\/krawattenlos.de\/members\/wp-content\/plugins\/wp-youtube-lyte\/lyteCache.php?origThumbUrl=https%3A%2F%2Fi.ytimg.com%2Fvi%2FsXqzG63gvG4%2Fmaxresdefault.jpg\" class=\"pL\"><div class=\"tC\"><div class=\"tT\">Sicherheitseinstellungen - Dividendenstrategie Pro + Tool-Box<\/div><\/div><div class=\"play\"><\/div><div class=\"ctrl\"><div class=\"Lctrl\"><\/div><div class=\"Rctrl\"><\/div><\/div><\/div><a href=\"https:\/\/youtu.be\/sXqzG63gvG4\" rel=\"nofollow\"><img decoding=\"async\" class=\"lazyload\" src=\"image\/svg+xml,%3Csvg%20xmlns%3D%27http%3A%2F%2Fwww.w3.org%2F2000%2Fsvg%27%20width%3D%271280%27%20height%3D%27700%27%20viewBox%3D%270%200%201280%20700%27%3E%3Crect%20width%3D%271280%27%20height%3D%27700%27%20fill-opacity%3D%220%22%2F%3E%3C%2Fsvg%3E\" data-orig-src=\"https:\/\/krawattenlos.de\/members\/wp-content\/plugins\/wp-youtube-lyte\/lyteCache.php?origThumbUrl=https%3A%2F%2Fi.ytimg.com%2Fvi%2FsXqzG63gvG4%2F0.jpg\" alt=\"Sicherheitseinstellungen - Dividendenstrategie Pro + Tool-Box\" width=\"1280\" height=\"700\" \/><\/a><\/div><\/div><div class=\"lL\" style=\"max-width:100%;width:1280px;margin:5px auto\"> <a href=\"https:\/\/youtu.be\/sXqzG63gvG4\" target=\"_blank\">Dieses Video auf YouTube ansehen<\/a>.<\/div><figcaption><\/figcaption><\/figure><\/div>\n\t\t\n\t\t\t\n\t\t\n\t\t\t\n\t\t\n\t\t\t<div class='ewd-ufaq-faq-tags'>\n\t\n\tSchlagwort:\t\n\t\n\t\t<a href=\"https:\/\/krawattenlos.de\/members\/ufaq\/windows-sicherheitseinstellungen\/faq-tag\/installation\/\">Installation<\/a>\n\t\n<\/div>\n\t\t\n\t\t\t\n\t\t\n\t\t\t\n\t\t\n\t\t\t<div class='ewd-ufaq-permalink'>\n\t\n\t<a href='https:\/\/krawattenlos.de\/members\/ufaq\/excel-sicherheitseinstellungen\/'>\n\t\t\n\t\t\t\t <div class='ewd-ufaq-permalink-image'><\/div> \t\n\t<\/a>\n\n<\/div>\n\t\t\n\t\t\t\n\t\t\n\t\t\t\n\t\t\n\t<\/div>\n\n<\/div><div  class=\"ewd-ufaq-faq-div ewd-ufaq-faq-column-count-one ewd-ufaq-faq-responsive-columns- ewd-ufaq-faq-display-style-default ewd-ufaq-can-be-toggled\" id='ewd-ufaq-post-673-iszuXreplP' data-post_id='673'>\n\n\t\t\n\t<div class='ewd-ufaq-faq-title ewd-ufaq-faq-toggle'>\n\t\n\t<a class='ewd-ufaq-post-margin'  href='#' role=\"button\">\n\n\t\t<div class='ewd-ufaq-post-margin-symbol ewd-ufaq-'>\n\t\t\t<span >a<\/span>\n\t\t<\/div>\n\n\t\t<div class='ewd-ufaq-faq-title-text'>\n\n\t\t\t<h4>\n\t\t\t\tWindows Sicherheitseinstellungen\t\t\t<\/h4>\n\n\t\t<\/div>\n\n\t\t<div class='ewd-ufaq-clear'><\/div>\n\n\t<\/a>\n\t\n<\/div>\n\t\n\t<div class='ewd-ufaq-faq-body ewd-ufaq-hidden' >\n\n\t\t\n\t\t\t<div class='ewd-ufaq-faq-categories'>\n\t\n\tKategorie:\n\t\n\t\t<a href=\"https:\/\/krawattenlos.de\/members\/ufaq\/windows-sicherheitseinstellungen\/faq-category\/erstinstallation\/\">Erstinstallation<\/a>\n\t\n<\/div>\n\t\t\n\t\t\t<div class='ewd-ufaq-post-margin ewd-ufaq-faq-post'>\n\t\n<p>Wenn unsere&nbsp;<strong>Dividendenstrategie Pro + Tool-Box<\/strong>&nbsp;aus dem Member-Bereich geladen wird und zum ersten Mal ge\u00f6ffnet wird, kann es vorkommen, dass Excel bzw. Windows aufgrund der Makros in der Datei das Aktivieren blockiert.<\/p>\n\n\n\n<p>Ist dies der Fall, dann muss man die Datei schlie\u00dfen und mit rechter Mausklick \u2013 Eigenschaften in den Sicherheitseinstellungen zur Datei ein Haken setzen.<\/p>\n\n\n\n<figure class=\"wp-block-image size-full\"><img decoding=\"async\" width=\"363\" height=\"509\" src=\"https:\/\/krawattenlos.de\/members\/wp-content\/uploads\/2023\/03\/Dateieigenschaften.jpg\" data-orig-src=\"https:\/\/krawattenlos.de\/members\/wp-content\/uploads\/2023\/03\/Dateieigenschaften.jpg\" alt=\"Bild Eigenschaften - Sicherheit\" class=\"lazyload wp-image-96\" data-srcset=\"https:\/\/krawattenlos.de\/members\/wp-content\/uploads\/2023\/03\/Dateieigenschaften-200x280.jpg 200w, https:\/\/krawattenlos.de\/members\/wp-content\/uploads\/2023\/03\/Dateieigenschaften-214x300.jpg 214w, https:\/\/krawattenlos.de\/members\/wp-content\/uploads\/2023\/03\/Dateieigenschaften.jpg 363w\" data-sizes=\"auto\" data-orig-sizes=\"(max-width: 363px) 100vw, 363px\" srcset=\"https:\/\/krawattenlos.de\/members\/wp-content\/uploads\/2023\/03\/Dateieigenschaften-200x280.jpg 200w, https:\/\/krawattenlos.de\/members\/wp-content\/uploads\/2023\/03\/Dateieigenschaften-214x300.jpg 214w, https:\/\/krawattenlos.de\/members\/wp-content\/uploads\/2023\/03\/Dateieigenschaften.jpg 363w\" sizes=\"(max-width: 363px) 100vw, 363px\" \/><figcaption class=\"wp-element-caption\">Dateieigenschaften, Sicherheitseinstellungen Windows.<\/figcaption><\/figure>\n\n\n\n<p>Wenn man dort \u201cZulassen\u201d aktiviert, sollte sich die Datei auch in Excel \u00f6ffnen lassen, mit anschlie\u00dfendem Inhalt aktivieren.<\/p>\n\n\n\n<p>Mehr Details dazu gibt es auch bei&nbsp;<a href=\"https:\/\/support.microsoft.com\/de-de\/topic\/ein-potenziell-gef%C3%A4hrliches-makro-wurde-blockiert-0952faa0-37e7-4316-b61d-5b5ed6024216\" target=\"_blank\" rel=\"noreferrer noopener\">Microsoft<\/a>.<\/p>\n<\/div>\n\t\t\n\t\t\t\n\t\t\n\t\t\t\n\t\t\n\t\t\t<div class='ewd-ufaq-faq-tags'>\n\t\n\tSchlagwort:\t\n\t\n\t\t<a href=\"https:\/\/krawattenlos.de\/members\/ufaq\/windows-sicherheitseinstellungen\/faq-tag\/installation\/\">Installation<\/a>\n\t\n<\/div>\n\t\t\n\t\t\t\n\t\t\n\t\t\t\n\t\t\n\t\t\t<div class='ewd-ufaq-permalink'>\n\t\n\t<a href='https:\/\/krawattenlos.de\/members\/ufaq\/windows-sicherheitseinstellungen\/'>\n\t\t\n\t\t\t\t <div class='ewd-ufaq-permalink-image'><\/div> \t\n\t<\/a>\n\n<\/div>\n\t\t\n\t\t\t\n\t\t\n\t\t\t\n\t\t\n\t<\/div>\n\n<\/div><\/div>\n\n<\/div>\n\n\t<\/div>\n\n\t\n<\/div><\/div><\/div><\/div><\/div>\n","protected":false},"excerpt":{"rendered":"<p>A Windows Sicherheitseinstellungen Kategorie: Erstinstallation Wenn unsere&nbsp;Dividendenstrategie Pro + Tool-Box&nbsp;aus dem Member-Bereich geladen wird und zum ersten Mal ge\u00f6ffnet wird,  &#8230;<\/p>\n","protected":false},"author":1,"featured_media":0,"parent":271,"menu_order":0,"comment_status":"closed","ping_status":"closed","template":"100-width.php","meta":{"footnotes":""},"class_list":["post-671","page","type-page","status-publish","hentry"],"yoast_head":"<!-- This site is optimized with the Yoast SEO plugin v27.4 - https:\/\/yoast.com\/product\/yoast-seo-wordpress\/ -->\n<title>FAQs - Krawattenlos Members<\/title>\n<meta name=\"robots\" content=\"index, follow, max-snippet:-1, max-image-preview:large, max-video-preview:-1\" \/>\n<link rel=\"canonical\" href=\"https:\/\/krawattenlos.de\/members\/support\/faqs\/\" \/>\n<meta property=\"og:locale\" content=\"de_DE\" \/>\n<meta property=\"og:type\" content=\"article\" \/>\n<meta property=\"og:title\" content=\"FAQs - Krawattenlos Members\" \/>\n<meta property=\"og:description\" content=\"A Windows Sicherheitseinstellungen Kategorie: Erstinstallation Wenn unsere&nbsp;Dividendenstrategie Pro + Tool-Box&nbsp;aus dem Member-Bereich geladen wird und zum ersten Mal ge\u00f6ffnet wird, ...\" \/>\n<meta property=\"og:url\" content=\"https:\/\/krawattenlos.de\/members\/support\/faqs\/\" \/>\n<meta property=\"og:site_name\" content=\"Krawattenlos Members\" \/>\n<meta property=\"article:modified_time\" content=\"2023-12-11T14:31:11+00:00\" \/>\n<meta name=\"twitter:card\" content=\"summary_large_image\" \/>\n<meta name=\"twitter:label1\" content=\"Gesch\u00e4tzte Lesezeit\" \/>\n\t<meta name=\"twitter:data1\" content=\"1\u00a0Minute\" \/>\n<script type=\"application\/ld+json\" class=\"yoast-schema-graph\">{\"@context\":\"https:\\\/\\\/schema.org\",\"@graph\":[{\"@type\":\"WebPage\",\"@id\":\"https:\\\/\\\/krawattenlos.de\\\/members\\\/support\\\/faqs\\\/\",\"url\":\"https:\\\/\\\/krawattenlos.de\\\/members\\\/support\\\/faqs\\\/\",\"name\":\"FAQs - Krawattenlos Members\",\"isPartOf\":{\"@id\":\"https:\\\/\\\/krawattenlos.de\\\/members\\\/#website\"},\"datePublished\":\"2023-12-11T13:29:17+00:00\",\"dateModified\":\"2023-12-11T14:31:11+00:00\",\"breadcrumb\":{\"@id\":\"https:\\\/\\\/krawattenlos.de\\\/members\\\/support\\\/faqs\\\/#breadcrumb\"},\"inLanguage\":\"de\",\"potentialAction\":[{\"@type\":\"ReadAction\",\"target\":[\"https:\\\/\\\/krawattenlos.de\\\/members\\\/support\\\/faqs\\\/\"]}]},{\"@type\":\"BreadcrumbList\",\"@id\":\"https:\\\/\\\/krawattenlos.de\\\/members\\\/support\\\/faqs\\\/#breadcrumb\",\"itemListElement\":[{\"@type\":\"ListItem\",\"position\":1,\"name\":\"Startseite\",\"item\":\"https:\\\/\\\/krawattenlos.de\\\/members\\\/\"},{\"@type\":\"ListItem\",\"position\":2,\"name\":\"Support\",\"item\":\"https:\\\/\\\/krawattenlos.de\\\/members\\\/support\\\/\"},{\"@type\":\"ListItem\",\"position\":3,\"name\":\"FAQs\"}]},{\"@type\":\"WebSite\",\"@id\":\"https:\\\/\\\/krawattenlos.de\\\/members\\\/#website\",\"url\":\"https:\\\/\\\/krawattenlos.de\\\/members\\\/\",\"name\":\"Krawattenlos Members\",\"description\":\"Exklusiver Mitgliederbereich von Krawattenlos\",\"potentialAction\":[{\"@type\":\"SearchAction\",\"target\":{\"@type\":\"EntryPoint\",\"urlTemplate\":\"https:\\\/\\\/krawattenlos.de\\\/members\\\/?s={search_term_string}\"},\"query-input\":{\"@type\":\"PropertyValueSpecification\",\"valueRequired\":true,\"valueName\":\"search_term_string\"}}],\"inLanguage\":\"de\"}]}<\/script>\n<!-- \/ Yoast SEO plugin. -->","yoast_head_json":{"title":"FAQs - Krawattenlos Members","robots":{"index":"index","follow":"follow","max-snippet":"max-snippet:-1","max-image-preview":"max-image-preview:large","max-video-preview":"max-video-preview:-1"},"canonical":"https:\/\/krawattenlos.de\/members\/support\/faqs\/","og_locale":"de_DE","og_type":"article","og_title":"FAQs - Krawattenlos Members","og_description":"A Windows Sicherheitseinstellungen Kategorie: Erstinstallation Wenn unsere&nbsp;Dividendenstrategie Pro + Tool-Box&nbsp;aus dem Member-Bereich geladen wird und zum ersten Mal ge\u00f6ffnet wird, ...","og_url":"https:\/\/krawattenlos.de\/members\/support\/faqs\/","og_site_name":"Krawattenlos Members","article_modified_time":"2023-12-11T14:31:11+00:00","twitter_card":"summary_large_image","twitter_misc":{"Gesch\u00e4tzte Lesezeit":"1\u00a0Minute"},"schema":{"@context":"https:\/\/schema.org","@graph":[{"@type":"WebPage","@id":"https:\/\/krawattenlos.de\/members\/support\/faqs\/","url":"https:\/\/krawattenlos.de\/members\/support\/faqs\/","name":"FAQs - Krawattenlos Members","isPartOf":{"@id":"https:\/\/krawattenlos.de\/members\/#website"},"datePublished":"2023-12-11T13:29:17+00:00","dateModified":"2023-12-11T14:31:11+00:00","breadcrumb":{"@id":"https:\/\/krawattenlos.de\/members\/support\/faqs\/#breadcrumb"},"inLanguage":"de","potentialAction":[{"@type":"ReadAction","target":["https:\/\/krawattenlos.de\/members\/support\/faqs\/"]}]},{"@type":"BreadcrumbList","@id":"https:\/\/krawattenlos.de\/members\/support\/faqs\/#breadcrumb","itemListElement":[{"@type":"ListItem","position":1,"name":"Startseite","item":"https:\/\/krawattenlos.de\/members\/"},{"@type":"ListItem","position":2,"name":"Support","item":"https:\/\/krawattenlos.de\/members\/support\/"},{"@type":"ListItem","position":3,"name":"FAQs"}]},{"@type":"WebSite","@id":"https:\/\/krawattenlos.de\/members\/#website","url":"https:\/\/krawattenlos.de\/members\/","name":"Krawattenlos Members","description":"Exklusiver Mitgliederbereich von Krawattenlos","potentialAction":[{"@type":"SearchAction","target":{"@type":"EntryPoint","urlTemplate":"https:\/\/krawattenlos.de\/members\/?s={search_term_string}"},"query-input":{"@type":"PropertyValueSpecification","valueRequired":true,"valueName":"search_term_string"}}],"inLanguage":"de"}]}},"_links":{"self":[{"href":"https:\/\/krawattenlos.de\/members\/wp-json\/wp\/v2\/pages\/671","targetHints":{"allow":["GET"]}}],"collection":[{"href":"https:\/\/krawattenlos.de\/members\/wp-json\/wp\/v2\/pages"}],"about":[{"href":"https:\/\/krawattenlos.de\/members\/wp-json\/wp\/v2\/types\/page"}],"author":[{"embeddable":true,"href":"https:\/\/krawattenlos.de\/members\/wp-json\/wp\/v2\/users\/1"}],"replies":[{"embeddable":true,"href":"https:\/\/krawattenlos.de\/members\/wp-json\/wp\/v2\/comments?post=671"}],"version-history":[{"count":7,"href":"https:\/\/krawattenlos.de\/members\/wp-json\/wp\/v2\/pages\/671\/revisions"}],"predecessor-version":[{"id":683,"href":"https:\/\/krawattenlos.de\/members\/wp-json\/wp\/v2\/pages\/671\/revisions\/683"}],"up":[{"embeddable":true,"href":"https:\/\/krawattenlos.de\/members\/wp-json\/wp\/v2\/pages\/271"}],"wp:attachment":[{"href":"https:\/\/krawattenlos.de\/members\/wp-json\/wp\/v2\/media?parent=671"}],"curies":[{"name":"wp","href":"https:\/\/api.w.org\/{rel}","templated":true}]}}